{"id":2155,"date":"2023-07-03T12:00:46","date_gmt":"2023-07-03T10:00:46","guid":{"rendered":"https:\/\/www.navarest.com\/?page_id=2155"},"modified":"2023-11-15T10:30:54","modified_gmt":"2023-11-15T09:30:54","slug":"panela","status":"publish","type":"page","link":"https:\/\/www.navarest.com\/es\/productos\/categoria\/panela\/","title":{"rendered":"Panela"},"content":{"rendered":"\t\t<div data-elementor-type=\"wp-page\" data-elementor-id=\"2155\" class=\"elementor elementor-2155\">\n\t\t\t\t\t\t<section class=\"elementor-section elementor-top-section elementor-element elementor-element-00ca317 elementor-section-stretched elementor-section-full_width elementor-section-content-middle elementor-section-height-default elementor-section-height-default\" data-id=\"00ca317\" data-element_type=\"section\" data-settings=\"{&quot;stretch_section&quot;:&quot;section-stretched&quot;,&quot;background_background&quot;:&quot;classic&quot;}\">\n\t\t\t\t\t\t<div class=\"elementor-container elementor-column-gap-no\">\n\t\t\t\t\t<div class=\"elementor-column elementor-col-100 elementor-top-column elementor-element elementor-element-70b9527\" data-id=\"70b9527\" data-element_type=\"column\">\n\t\t\t<div class=\"elementor-widget-wrap elementor-element-populated\">\n\t\t\t\t\t\t<div class=\"elementor-element elementor-element-db669f5 elementor-widget elementor-widget-slider_revolution\" data-id=\"db669f5\" data-element_type=\"widget\" data-widget_type=\"slider_revolution.default\">\n\t\t\t\t<div class=\"elementor-widget-container\">\n\t\t\t\t\t\r\n\t\t<div class=\"wp-block-themepunch-revslider\">\n\t\t\t<!-- START Productos REVOLUTION SLIDER 6.6.12 --><p class=\"rs-p-wp-fix\"><\/p>\n\t\t\t<rs-module-wrap id=\"rev_slider_10_1_wrapper\" data-source=\"gallery\" style=\"visibility:hidden;background:transparent;padding:0;margin:0px auto;margin-top:0;margin-bottom:0;\">\n\t\t\t\t<rs-module id=\"rev_slider_10_1\" style=\"\" data-version=\"6.6.12\">\n\t\t\t\t\t<rs-slides style=\"overflow: hidden; position: absolute;\">\n\t\t\t\t\t\t<rs-slide style=\"position: absolute;\" data-key=\"rs-11\" data-title=\"Slide\"data-sba=\"b:true;\" data-in=\"o:0;\" data-out=\"a:false;\">\n\t\t\t\t\t\t\t<img fetchpriority=\"high\" decoding=\"async\" src=\"\/\/www.navarest.com\/wp-content\/plugins\/revslider\/public\/assets\/assets\/dummy.png\" alt=\"Productos Navarest\" title=\"productos\" width=\"2200\" height=\"1238\" class=\"rev-slidebg tp-rs-img rs-lazyload\" data-lazyload=\"\/\/www.navarest.com\/wp-content\/uploads\/2023\/05\/productos.jpg\" data-parallax=\"8\" data-no-retina>\n<!--\n\t\t\t\t\t\t\t--><rs-layer\n\t\t\t\t\t\t\t\tid=\"slider-10-slide-11-layer-0\" \n\t\t\t\t\t\t\t\tdata-type=\"text\"\n\t\t\t\t\t\t\t\tdata-tsh=\"b:15px,12px,9px,5px;\"\n\t\t\t\t\t\t\t\tdata-rsp_ch=\"on\"\n\t\t\t\t\t\t\t\tdata-xy=\"x:c;y:m;\"\n\t\t\t\t\t\t\t\tdata-text=\"w:normal;s:100,82,76,68;l:120,94,84,78;a:center;\"\n\t\t\t\t\t\t\t\tdata-dim=\"w:585px,483px,425px,333px;\"\n\t\t\t\t\t\t\t\tdata-frame_0=\"y:-100%;\"\n\t\t\t\t\t\t\t\tdata-frame_0_mask=\"u:t;\"\n\t\t\t\t\t\t\t\tdata-frame_1=\"sp:1200;\"\n\t\t\t\t\t\t\t\tdata-frame_1_mask=\"u:t;\"\n\t\t\t\t\t\t\t\tdata-frame_999=\"o:0;st:w;sR:7800;\"\n\t\t\t\t\t\t\t\tdata-frame_hover=\"iC:true;\"\n\t\t\t\t\t\t\t\tstyle=\"z-index:9;font-family:'Roboto';\"\n\t\t\t\t\t\t\t>Productos \n\t\t\t\t\t\t\t<\/rs-layer><!--\n\n\t\t\t\t\t\t\t--><rs-layer\n\t\t\t\t\t\t\t\tid=\"slider-10-slide-11-layer-1\" \n\t\t\t\t\t\t\t\tdata-type=\"image\"\n\t\t\t\t\t\t\t\tdata-rsp_ch=\"on\"\n\t\t\t\t\t\t\t\tdata-xy=\"x:c;yo:324px,325px,327px,329px;\"\n\t\t\t\t\t\t\t\tdata-text=\"w:normal;s:20,16,12,7;l:0,20,15,9;\"\n\t\t\t\t\t\t\t\tdata-dim=\"w:292px,241px,183px,158px;h:41px,33px,25px,22px;\"\n\t\t\t\t\t\t\t\tdata-frame_999=\"o:0;st:w;\"\n\t\t\t\t\t\t\t\tstyle=\"z-index:11;\"\n\t\t\t\t\t\t\t><img decoding=\"async\" src=\"\/\/www.navarest.com\/wp-content\/plugins\/revslider\/public\/assets\/assets\/dummy.png\" alt=\"orla Navarest\" class=\"tp-rs-img rs-lazyload\" width=\"512\" height=\"72\" data-lazyload=\"\/\/www.navarest.com\/wp-content\/uploads\/2023\/06\/orla-Navarest.png\" data-no-retina> \n\t\t\t\t\t\t\t<\/rs-layer><!--\n\n\t\t\t\t\t\t\t--><rs-layer\n\t\t\t\t\t\t\t\tid=\"slider-10-slide-11-layer-4\" \n\t\t\t\t\t\t\t\tdata-type=\"image\"\n\t\t\t\t\t\t\t\tdata-rsp_ch=\"on\"\n\t\t\t\t\t\t\t\tdata-xy=\"x:c;y:b;\"\n\t\t\t\t\t\t\t\tdata-text=\"w:normal;s:20,16,12,7;l:0,20,15,9;\"\n\t\t\t\t\t\t\t\tdata-dim=\"w:['15px','15px','15px','15px'];h:['100px','100px','100px','100px'];\"\n\t\t\t\t\t\t\t\tdata-actions='o:click;a:scrollbelow;sp:1000ms;e:power1.inOut;'\n\t\t\t\t\t\t\t\tdata-frame_999=\"o:0;st:w;sR:8700;\"\n\t\t\t\t\t\t\t\tdata-loop_0=\"y:-10;\"\n\t\t\t\t\t\t\t\tdata-loop_999=\"y:10;sp:3000;e:sine.inOut;yym:t;\"\n\t\t\t\t\t\t\t\tstyle=\"z-index:10;\"\n\t\t\t\t\t\t\t><img decoding=\"async\" src=\"\/\/www.navarest.com\/wp-content\/plugins\/revslider\/public\/assets\/assets\/dummy.png\" alt=\"\" class=\"tp-rs-img rs-lazyload\" width=\"15\" height=\"100\" data-lazyload=\"\/\/www.navarest.com\/wp-content\/uploads\/2020\/07\/Scroll.png\" data-no-retina> \n\t\t\t\t\t\t\t<\/rs-layer><!--\n-->\t\t\t\t\t\t<\/rs-slide>\n\t\t\t\t\t<\/rs-slides>\n\t\t\t\t<\/rs-module>\n\t\t\t\t<script>\n\t\t\t\t\tsetREVStartSize({c: 'rev_slider_10_1',rl:[1240,1024,778,480],el:[500,500,500,500],gw:[1240,1024,778,480],gh:[500,500,500,500],type:'hero',justify:'',layout:'fullwidth',mh:\"0\"});if (window.RS_MODULES!==undefined && window.RS_MODULES.modules!==undefined && window.RS_MODULES.modules[\"revslider101\"]!==undefined) {window.RS_MODULES.modules[\"revslider101\"].once = false;window.revapi10 = undefined;if (window.RS_MODULES.checkMinimal!==undefined) window.RS_MODULES.checkMinimal()}\n\t\t\t\t<\/script>\n\t\t\t<\/rs-module-wrap>\n\t\t\t<!-- END REVOLUTION SLIDER -->\n<\/div>\r\n\r\n\t\t\t\t\t\t<\/div>\n\t\t\t\t<\/div>\n\t\t\t\t\t<\/div>\n\t\t<\/div>\n\t\t\t\t\t<\/div>\n\t\t<\/section>\n\t\t\t\t<section class=\"elementor-section elementor-top-section elementor-element elementor-element-76bcb24 elementor-section-stretched elementor-section-boxed elementor-section-height-default elementor-section-height-default\" data-id=\"76bcb24\" data-element_type=\"section\" data-settings=\"{&quot;stretch_section&quot;:&quot;section-stretched&quot;,&quot;background_background&quot;:&quot;classic&quot;,&quot;animation&quot;:&quot;none&quot;}\">\n\t\t\t\t\t\t\t<div class=\"elementor-background-overlay\"><\/div>\n\t\t\t\t\t\t\t<div class=\"elementor-container elementor-column-gap-no\">\n\t\t\t\t\t<div class=\"elementor-column elementor-col-100 elementor-top-column elementor-element elementor-element-7a2a5f3\" data-id=\"7a2a5f3\" data-element_type=\"column\">\n\t\t\t<div class=\"elementor-widget-wrap elementor-element-populated\">\n\t\t\t\t\t\t<div class=\"elementor-element elementor-element-634d289 etheme-elementor-product-align-center elementor-widget elementor-widget-etheme_product_grid\" data-id=\"634d289\" data-element_type=\"widget\" data-settings=\"{&quot;cols&quot;:&quot;1&quot;,&quot;query_type&quot;:&quot;all&quot;,&quot;navigation&quot;:&quot;none&quot;,&quot;cols_gap&quot;:{&quot;unit&quot;:&quot;px&quot;,&quot;size&quot;:&quot;&quot;,&quot;sizes&quot;:[]},&quot;cols_gap_tablet&quot;:{&quot;unit&quot;:&quot;px&quot;,&quot;size&quot;:&quot;&quot;,&quot;sizes&quot;:[]},&quot;cols_gap_mobile&quot;:{&quot;unit&quot;:&quot;px&quot;,&quot;size&quot;:&quot;&quot;,&quot;sizes&quot;:[]},&quot;rows_gap&quot;:{&quot;unit&quot;:&quot;px&quot;,&quot;size&quot;:&quot;&quot;,&quot;sizes&quot;:[]},&quot;rows_gap_tablet&quot;:{&quot;unit&quot;:&quot;px&quot;,&quot;size&quot;:&quot;&quot;,&quot;sizes&quot;:[]},&quot;rows_gap_mobile&quot;:{&quot;unit&quot;:&quot;px&quot;,&quot;size&quot;:&quot;&quot;,&quot;sizes&quot;:[]}}\" data-widget_type=\"etheme_product_grid.default\">\n\t\t\t\t<div class=\"elementor-widget-container\">\n\t\t\t\t\t<div class=\"etheme-product-grid \">\n\n        <div class=\"etheme-product-grid-item etheme-product-hover-mask3 etheme-product-hover-mode-white product type-product post-1549 status-publish first instock product_cat-panela has-post-thumbnail taxable shipping-taxable purchasable product-type-simple\">\n        <div class=\"etheme-product-grid-image\"><a href=\"https:\/\/www.navarest.com\/es\/producto\/panela-500-uds-de-5g-polipropileno-transparente\/\"><img loading=\"lazy\" loading=\"lazy\" decoding=\"async\" width=\"768\" height=\"461\" src=\"https:\/\/www.navarest.com\/wp-content\/uploads\/2023\/04\/Sobres-de-panela-768x461.jpg\" class=\"attachment-medium_large size-medium_large\" alt=\"Sobres de 5 gramos de panela Integral 100% de ca\u00f1a en Polipropileno Transparente \/ Formato 35 mm\" srcset=\"https:\/\/www.navarest.com\/wp-content\/uploads\/2023\/04\/Sobres-de-panela-768x461.jpg 768w, https:\/\/www.navarest.com\/wp-content\/uploads\/2023\/04\/Sobres-de-panela-300x180.jpg 300w, https:\/\/www.navarest.com\/wp-content\/uploads\/2023\/04\/Sobres-de-panela-1024x615.jpg 1024w, https:\/\/www.navarest.com\/wp-content\/uploads\/2023\/04\/Sobres-de-panela-1536x922.jpg 1536w, https:\/\/www.navarest.com\/wp-content\/uploads\/2023\/04\/Sobres-de-panela-600x360.jpg 600w, https:\/\/www.navarest.com\/wp-content\/uploads\/2023\/04\/Sobres-de-panela-4x3.jpg 4w, https:\/\/www.navarest.com\/wp-content\/uploads\/2023\/04\/Sobres-de-panela-10x6.jpg 10w, https:\/\/www.navarest.com\/wp-content\/uploads\/2023\/04\/Sobres-de-panela.jpg 1771w\" sizes=\"auto, (max-width: 768px) 100vw, 768px\" \/><\/a>                         <footer>\n                             <div class=\"footer-inner\"><a href=\"\/es\/wp-json\/wp\/v2\/pages\/2155?add-to-cart=1549\" aria-describedby=\"woocommerce_loop_add_to_cart_link_describedby_1549\" data-quantity=\"1\" class=\"button product_type_simple add_to_cart_button ajax_add_to_cart\" data-product_id=\"1549\" data-product_sku=\"\" aria-label=\"A\u00f1adir al carrito: &ldquo;Panela&rdquo;\" rel=\"nofollow\" data-success_message=\"\u00abPanela\u00bb se ha a\u00f1adido a tu carrito\" data-product_name=\"Panela\"><svg fill=\"currentColor\" xmlns=\"http:\/\/www.w3.org\/2000\/svg\" width=\"1em\" height=\"1em\" viewBox=\"0 0 24 24\"><path d=\"M20.304 5.544v0c-0.024-0.696-0.576-1.224-1.272-1.224h-2.304c-0.288-2.424-2.304-4.248-4.728-4.248-2.448 0-4.464 1.824-4.728 4.248h-2.28c-0.696 0-1.272 0.576-1.272 1.248l-0.624 15.936c-0.024 0.648 0.192 1.272 0.624 1.728 0.432 0.48 1.008 0.72 1.68 0.72h13.176c0.624 0 1.2-0.24 1.68-0.72 0.408-0.456 0.624-1.056 0.624-1.704l-0.576-15.984zM9.12 4.296c0.288-1.344 1.464-2.376 2.88-2.376s2.592 1.032 2.88 2.4l-5.76-0.024zM8.184 8.664c0.528 0 0.936-0.408 0.936-0.936v-1.536h5.832v1.536c0 0.528 0.408 0.936 0.936 0.936s0.936-0.408 0.936-0.936v-1.536h1.68l0.576 15.336c-0.024 0.144-0.072 0.288-0.168 0.384s-0.216 0.144-0.312 0.144h-13.2c-0.12 0-0.24-0.048-0.336-0.144-0.072-0.072-0.12-0.192-0.096-0.336l0.6-15.384h1.704v1.536c-0.024 0.528 0.384 0.936 0.912 0.936z\"><\/path><\/svg><\/a>\t<span id=\"woocommerce_loop_add_to_cart_link_describedby_1549\" class=\"screen-reader-text\">\n\t\t\t<\/span>\n        <a href=\"https:\/\/www.navarest.com\/es\/mi-cuenta\/?et-wishlist-page&#038;add_to_wishlist=1549\" rel=\"nofollow noopener\" class='xstore-wishlist xstore-wishlist-icon xstore-wishlist-has-animation' data-action='add' data-id='1549' data-settings='{\"iconAdd\":\"et-heart\",\"iconRemove\":\"et-heart-o\"}'>\n                                <span class=\"et-icon et-heart\"><\/span>\n                        <\/a>\n        <\/div>                         <\/footer>\n                 <\/div><div class=\"etheme-product-grid-content\"><div class=\"etheme-product-grid-categories\"><a href=\"https:\/\/www.navarest.com\/es\/categoria-producto\/panela\/\" rel=\"tag\">Panela<\/a><\/div><h2 class=\"woocommerce-loop-product__title etheme-product-grid-title\"><a href=\"https:\/\/www.navarest.com\/es\/producto\/panela-500-uds-de-5g-polipropileno-transparente\/\">Panela<\/a><\/h2><div class=\"star-rating-wrapper\"><\/div>\n\t<span class=\"price\"><span class=\"woocommerce-Price-amount amount\"><bdi>20,30&nbsp;<span class=\"woocommerce-Price-currencySymbol\">&euro;<\/span><\/bdi><\/span> <small class=\"woocommerce-price-suffix\">IVA incluido<\/small><\/span>\n<\/div>        <\/div>\n        <\/div> <!-- .row -->\t\t\t\t<\/div>\n\t\t\t\t<\/div>\n\t\t\t\t<div class=\"elementor-element elementor-element-27cc736 elementor-widget elementor-widget-heading\" data-id=\"27cc736\" data-element_type=\"widget\" data-widget_type=\"heading.default\">\n\t\t\t\t<div class=\"elementor-widget-container\">\n\t\t\t\t\t<h1 class=\"elementor-heading-title elementor-size-default\">Panela<\/h1>\t\t\t\t<\/div>\n\t\t\t\t<\/div>\n\t\t\t\t<div class=\"elementor-element elementor-element-11d5774 elementor-widget elementor-widget-text-editor\" data-id=\"11d5774\" data-element_type=\"widget\" data-widget_type=\"text-editor.default\">\n\t\t\t\t<div class=\"elementor-widget-container\">\n\t\t\t\t\t\t\t\t\tLa Panela Integral granulada es el producto obtenido por evaporaci\u00f3n y concentraci\u00f3n de los jugos de ca\u00f1a de az\u00facar. Es un tipo de az\u00facar considerado el m\u00e1s puro, natural y artesanal, sin blanquear y sin refinar, elaborado directamente a partir del jugo extra\u00eddo de Ia ca\u00f1a de az\u00facar. A dicho jugo solamente se le ha evaporado el agua; as\u00ed todos los elementos vitales de la planta se encuentran en el dulce granulado, por eso tiene un mayor valor nutricional. En su elaboraci\u00f3n est\u00e1 libre de toda clase de aditivos qu\u00edmicos propios de la elaboraci\u00f3n de az\u00facar refinado, ya que no es sometido a procesos como sulfataci\u00f3n, decoloraci\u00f3n y filtraci\u00f3n, como ocurre en otros tipos de az\u00facares refinados. Por esto, no pierde la melaza que contiene todos los nutrientes presentes en el jugo de ca\u00f1a de az\u00facar como minerales, amino\u00e1cidos y vitaminas.\t\t\t\t\t\t\t\t<\/div>\n\t\t\t\t<\/div>\n\t\t\t\t\t<\/div>\n\t\t<\/div>\n\t\t\t\t\t<\/div>\n\t\t<\/section>\n\t\t\t\t<section class=\"elementor-section elementor-top-section elementor-element elementor-element-9cfa2ac elementor-section-boxed elementor-section-height-default elementor-section-height-default\" data-id=\"9cfa2ac\" data-element_type=\"section\">\n\t\t\t\t\t\t<div class=\"elementor-container elementor-column-gap-default\">\n\t\t\t\t\t<div class=\"elementor-column elementor-col-100 elementor-top-column elementor-element elementor-element-c177579\" data-id=\"c177579\" data-element_type=\"column\">\n\t\t\t<div class=\"elementor-widget-wrap elementor-element-populated\">\n\t\t\t\t\t\t<div class=\"elementor-element elementor-element-2c1dc54 elementor-widget elementor-widget-heading\" data-id=\"2c1dc54\" data-element_type=\"widget\" data-widget_type=\"heading.default\">\n\t\t\t\t<div class=\"elementor-widget-container\">\n\t\t\t\t\t<h2 class=\"elementor-heading-title elementor-size-default\">Navarest en Amazon<\/h2>\t\t\t\t<\/div>\n\t\t\t\t<\/div>\n\t\t\t\t<div class=\"elementor-element elementor-element-1134cb2 elementor-widget elementor-widget-text-editor\" data-id=\"1134cb2\" data-element_type=\"widget\" data-widget_type=\"text-editor.default\">\n\t\t\t\t<div class=\"elementor-widget-container\">\n\t\t\t\t\t\t\t\t\t<p style=\"text-align: center;\">Si lo prefiere puede comprar nuestros productos en <a style=\"text-align: center;\" href=\"https:\/\/www.amazon.es\/stores\/NAVARESTSUGARSERVICES\/page\/2617DC73-3F1E-464A-BAFA-8CAA6DD72527?ref_=ast_bln\" target=\"_blank\" rel=\"noopener\">AMAZON<\/a><\/p>\t\t\t\t\t\t\t\t<\/div>\n\t\t\t\t<\/div>\n\t\t\t\t<div class=\"elementor-element elementor-element-e7e425b elementor-align-center elementor-widget elementor-widget-text_button\" data-id=\"e7e425b\" data-element_type=\"widget\" data-widget_type=\"text_button.default\">\n\t\t\t\t<div class=\"elementor-widget-container\">\n\t\t\t\t\t<div class=\"etheme-button-wrapper\"><a href=\"https:\/\/www.amazon.es\/stores\/NAVARESTSUGARSERVICES\/page\/2617DC73-3F1E-464A-BAFA-8CAA6DD72527?ref_=ast_bln\" target=\"_blank\" class=\"fill-bottom has-fill etheme-text-button elementor-button\" role=\"button\">\n        <span class=\"elementor-button-content-wrapper\">\n            \n\t\t\t<span class=\"elementor-button-text\">Navarest Store<\/span>\n\n            \n            \n        <\/span><\/a><\/div>\t\t\t\t<\/div>\n\t\t\t\t<\/div>\n\t\t\t\t\t<\/div>\n\t\t<\/div>\n\t\t\t\t\t<\/div>\n\t\t<\/section>\n\t\t\t\t<\/div>\n\t\t","protected":false},"excerpt":{"rendered":"<p>Panela Panela 21,23&nbsp;&euro; Panela La Panela Integral granulada es el producto obtenido por evaporaci\u00f3n y concentraci\u00f3n de los jugos de ca\u00f1a de az\u00facar. Es un&#8230;<\/p>\n","protected":false},"author":1,"featured_media":1955,"parent":2119,"menu_order":0,"comment_status":"closed","ping_status":"closed","template":"","meta":{"footnotes":""},"class_list":["post-2155","page","type-page","status-publish","has-post-thumbnail","hentry"],"yoast_head":"<!-- This site is optimized with the Yoast SEO plugin v26.6 - https:\/\/yoast.com\/wordpress\/plugins\/seo\/ -->\n<title>Panela - Navarest<\/title>\n<meta name=\"robots\" content=\"index, follow, max-snippet:-1, max-image-preview:large, max-video-preview:-1\" \/>\n<link rel=\"canonical\" href=\"https:\/\/xstore.8theme.com\/elementor\/demos\/coffee\/\" \/>\n<meta property=\"og:locale\" content=\"es_ES\" \/>\n<meta property=\"og:type\" content=\"article\" \/>\n<meta property=\"og:title\" content=\"Panela - Navarest\" \/>\n<meta property=\"og:description\" content=\"Panela Panela 21,23&nbsp;&euro; Panela La Panela Integral granulada es el producto obtenido por evaporaci\u00f3n y concentraci\u00f3n de los jugos de ca\u00f1a de az\u00facar. Es un...\" \/>\n<meta property=\"og:url\" content=\"https:\/\/xstore.8theme.com\/elementor\/demos\/coffee\/\" \/>\n<meta property=\"og:site_name\" content=\"Navarest\" \/>\n<meta property=\"article:modified_time\" content=\"2023-11-15T09:30:54+00:00\" \/>\n<meta property=\"og:image\" content=\"https:\/\/www.navarest.com\/wp-content\/uploads\/2023\/06\/azucar-blanco-Navarest.jpg\" \/>\n\t<meta property=\"og:image:width\" content=\"1262\" \/>\n\t<meta property=\"og:image:height\" content=\"1063\" \/>\n\t<meta property=\"og:image:type\" content=\"image\/jpeg\" \/>\n<meta name=\"twitter:card\" content=\"summary_large_image\" \/>\n<meta name=\"twitter:label1\" content=\"Tiempo de lectura\" \/>\n\t<meta name=\"twitter:data1\" content=\"11 minutos\" \/>\n<script type=\"application\/ld+json\" class=\"yoast-schema-graph\">{\"@context\":\"https:\/\/schema.org\",\"@graph\":[{\"@type\":\"WebPage\",\"@id\":\"https:\/\/www.navarest.com\/es\/productos\/categoria\/panela\/\",\"url\":\"https:\/\/xstore.8theme.com\/elementor\/demos\/coffee\/\",\"name\":\"Panela - Navarest\",\"isPartOf\":{\"@id\":\"https:\/\/www.navarest.com\/es\/#website\"},\"primaryImageOfPage\":{\"@id\":\"https:\/\/xstore.8theme.com\/elementor\/demos\/coffee\/#primaryimage\"},\"image\":{\"@id\":\"https:\/\/xstore.8theme.com\/elementor\/demos\/coffee\/#primaryimage\"},\"thumbnailUrl\":\"https:\/\/www.navarest.com\/wp-content\/uploads\/2023\/06\/azucar-blanco-Navarest.jpg\",\"datePublished\":\"2023-07-03T10:00:46+00:00\",\"dateModified\":\"2023-11-15T09:30:54+00:00\",\"breadcrumb\":{\"@id\":\"https:\/\/xstore.8theme.com\/elementor\/demos\/coffee\/#breadcrumb\"},\"inLanguage\":\"es\",\"potentialAction\":[{\"@type\":\"ReadAction\",\"target\":[\"https:\/\/xstore.8theme.com\/elementor\/demos\/coffee\/\"]}]},{\"@type\":\"ImageObject\",\"inLanguage\":\"es\",\"@id\":\"https:\/\/xstore.8theme.com\/elementor\/demos\/coffee\/#primaryimage\",\"url\":\"https:\/\/www.navarest.com\/wp-content\/uploads\/2023\/06\/azucar-blanco-Navarest.jpg\",\"contentUrl\":\"https:\/\/www.navarest.com\/wp-content\/uploads\/2023\/06\/azucar-blanco-Navarest.jpg\",\"width\":1262,\"height\":1063,\"caption\":\"Az\u00facar blanco Navarest\"},{\"@type\":\"BreadcrumbList\",\"@id\":\"https:\/\/xstore.8theme.com\/elementor\/demos\/coffee\/#breadcrumb\",\"itemListElement\":[{\"@type\":\"ListItem\",\"position\":1,\"name\":\"Portada\",\"item\":\"https:\/\/www.navarest.com\/es\/\"},{\"@type\":\"ListItem\",\"position\":2,\"name\":\"Productos\",\"item\":\"https:\/\/www.navarest.com\/es\/productos\/\"},{\"@type\":\"ListItem\",\"position\":3,\"name\":\"Categor\u00eda\",\"item\":\"https:\/\/www.navarest.com\/es\/productos\/categoria\/\"},{\"@type\":\"ListItem\",\"position\":4,\"name\":\"Panela\"}]},{\"@type\":\"WebSite\",\"@id\":\"https:\/\/www.navarest.com\/es\/#website\",\"url\":\"https:\/\/www.navarest.com\/es\/\",\"name\":\"Navarest\",\"description\":\"Envasado de az\u00facar, edulcorante y otros productos para hosteler\u00eda\",\"publisher\":{\"@id\":\"https:\/\/www.navarest.com\/es\/#organization\"},\"potentialAction\":[{\"@type\":\"SearchAction\",\"target\":{\"@type\":\"EntryPoint\",\"urlTemplate\":\"https:\/\/www.navarest.com\/es\/?s={search_term_string}\"},\"query-input\":{\"@type\":\"PropertyValueSpecification\",\"valueRequired\":true,\"valueName\":\"search_term_string\"}}],\"inLanguage\":\"es\"},{\"@type\":\"Organization\",\"@id\":\"https:\/\/www.navarest.com\/es\/#organization\",\"name\":\"Navarest\",\"url\":\"https:\/\/www.navarest.com\/es\/\",\"logo\":{\"@type\":\"ImageObject\",\"inLanguage\":\"es\",\"@id\":\"https:\/\/www.navarest.com\/es\/#\/schema\/logo\/image\/\",\"url\":\"https:\/\/www.navarest.com\/wp-content\/uploads\/2023\/04\/Navarest-logo.png\",\"contentUrl\":\"https:\/\/www.navarest.com\/wp-content\/uploads\/2023\/04\/Navarest-logo.png\",\"width\":211,\"height\":210,\"caption\":\"Navarest\"},\"image\":{\"@id\":\"https:\/\/www.navarest.com\/es\/#\/schema\/logo\/image\/\"}}]}<\/script>\n<!-- \/ Yoast SEO plugin. -->","yoast_head_json":{"title":"Panela - Navarest","robots":{"index":"index","follow":"follow","max-snippet":"max-snippet:-1","max-image-preview":"max-image-preview:large","max-video-preview":"max-video-preview:-1"},"canonical":"https:\/\/xstore.8theme.com\/elementor\/demos\/coffee\/","og_locale":"es_ES","og_type":"article","og_title":"Panela - Navarest","og_description":"Panela Panela 21,23&nbsp;&euro; Panela La Panela Integral granulada es el producto obtenido por evaporaci\u00f3n y concentraci\u00f3n de los jugos de ca\u00f1a de az\u00facar. Es un...","og_url":"https:\/\/xstore.8theme.com\/elementor\/demos\/coffee\/","og_site_name":"Navarest","article_modified_time":"2023-11-15T09:30:54+00:00","og_image":[{"width":1262,"height":1063,"url":"https:\/\/www.navarest.com\/wp-content\/uploads\/2023\/06\/azucar-blanco-Navarest.jpg","type":"image\/jpeg"}],"twitter_card":"summary_large_image","twitter_misc":{"Tiempo de lectura":"11 minutos"},"schema":{"@context":"https:\/\/schema.org","@graph":[{"@type":"WebPage","@id":"https:\/\/www.navarest.com\/es\/productos\/categoria\/panela\/","url":"https:\/\/xstore.8theme.com\/elementor\/demos\/coffee\/","name":"Panela - Navarest","isPartOf":{"@id":"https:\/\/www.navarest.com\/es\/#website"},"primaryImageOfPage":{"@id":"https:\/\/xstore.8theme.com\/elementor\/demos\/coffee\/#primaryimage"},"image":{"@id":"https:\/\/xstore.8theme.com\/elementor\/demos\/coffee\/#primaryimage"},"thumbnailUrl":"https:\/\/www.navarest.com\/wp-content\/uploads\/2023\/06\/azucar-blanco-Navarest.jpg","datePublished":"2023-07-03T10:00:46+00:00","dateModified":"2023-11-15T09:30:54+00:00","breadcrumb":{"@id":"https:\/\/xstore.8theme.com\/elementor\/demos\/coffee\/#breadcrumb"},"inLanguage":"es","potentialAction":[{"@type":"ReadAction","target":["https:\/\/xstore.8theme.com\/elementor\/demos\/coffee\/"]}]},{"@type":"ImageObject","inLanguage":"es","@id":"https:\/\/xstore.8theme.com\/elementor\/demos\/coffee\/#primaryimage","url":"https:\/\/www.navarest.com\/wp-content\/uploads\/2023\/06\/azucar-blanco-Navarest.jpg","contentUrl":"https:\/\/www.navarest.com\/wp-content\/uploads\/2023\/06\/azucar-blanco-Navarest.jpg","width":1262,"height":1063,"caption":"Az\u00facar blanco Navarest"},{"@type":"BreadcrumbList","@id":"https:\/\/xstore.8theme.com\/elementor\/demos\/coffee\/#breadcrumb","itemListElement":[{"@type":"ListItem","position":1,"name":"Portada","item":"https:\/\/www.navarest.com\/es\/"},{"@type":"ListItem","position":2,"name":"Productos","item":"https:\/\/www.navarest.com\/es\/productos\/"},{"@type":"ListItem","position":3,"name":"Categor\u00eda","item":"https:\/\/www.navarest.com\/es\/productos\/categoria\/"},{"@type":"ListItem","position":4,"name":"Panela"}]},{"@type":"WebSite","@id":"https:\/\/www.navarest.com\/es\/#website","url":"https:\/\/www.navarest.com\/es\/","name":"Navarest","description":"Envasado de az\u00facar, edulcorante y otros productos para hosteler\u00eda","publisher":{"@id":"https:\/\/www.navarest.com\/es\/#organization"},"potentialAction":[{"@type":"SearchAction","target":{"@type":"EntryPoint","urlTemplate":"https:\/\/www.navarest.com\/es\/?s={search_term_string}"},"query-input":{"@type":"PropertyValueSpecification","valueRequired":true,"valueName":"search_term_string"}}],"inLanguage":"es"},{"@type":"Organization","@id":"https:\/\/www.navarest.com\/es\/#organization","name":"Navarest","url":"https:\/\/www.navarest.com\/es\/","logo":{"@type":"ImageObject","inLanguage":"es","@id":"https:\/\/www.navarest.com\/es\/#\/schema\/logo\/image\/","url":"https:\/\/www.navarest.com\/wp-content\/uploads\/2023\/04\/Navarest-logo.png","contentUrl":"https:\/\/www.navarest.com\/wp-content\/uploads\/2023\/04\/Navarest-logo.png","width":211,"height":210,"caption":"Navarest"},"image":{"@id":"https:\/\/www.navarest.com\/es\/#\/schema\/logo\/image\/"}}]}},"_links":{"self":[{"href":"https:\/\/www.navarest.com\/es\/wp-json\/wp\/v2\/pages\/2155","targetHints":{"allow":["GET"]}}],"collection":[{"href":"https:\/\/www.navarest.com\/es\/wp-json\/wp\/v2\/pages"}],"about":[{"href":"https:\/\/www.navarest.com\/es\/wp-json\/wp\/v2\/types\/page"}],"author":[{"embeddable":true,"href":"https:\/\/www.navarest.com\/es\/wp-json\/wp\/v2\/users\/1"}],"replies":[{"embeddable":true,"href":"https:\/\/www.navarest.com\/es\/wp-json\/wp\/v2\/comments?post=2155"}],"version-history":[{"count":16,"href":"https:\/\/www.navarest.com\/es\/wp-json\/wp\/v2\/pages\/2155\/revisions"}],"predecessor-version":[{"id":2475,"href":"https:\/\/www.navarest.com\/es\/wp-json\/wp\/v2\/pages\/2155\/revisions\/2475"}],"up":[{"embeddable":true,"href":"https:\/\/www.navarest.com\/es\/wp-json\/wp\/v2\/pages\/2119"}],"wp:featuredmedia":[{"embeddable":true,"href":"https:\/\/www.navarest.com\/es\/wp-json\/wp\/v2\/media\/1955"}],"wp:attachment":[{"href":"https:\/\/www.navarest.com\/es\/wp-json\/wp\/v2\/media?parent=2155"}],"curies":[{"name":"wp","href":"https:\/\/api.w.org\/{rel}","templated":true}]}}