{"id":1562,"date":"2023-05-01T14:20:27","date_gmt":"2023-05-01T12:20:27","guid":{"rendered":"https:\/\/www.navarest.com\/?post_type=product&#038;p=1562"},"modified":"2025-12-30T08:17:39","modified_gmt":"2025-12-30T07:17:39","slug":"azucar-moreno-integral-500-uds-5g","status":"publish","type":"product","link":"https:\/\/www.navarest.com\/es\/producto\/azucar-moreno-integral-500-uds-5g\/","title":{"rendered":"Az\u00facar Moreno de Ca\u00f1a 500 Uds"},"content":{"rendered":"<div>\n<div>\n<div>Caja de 500 sobres de 5 grs de az\u00facar moreno integral 100% de ca\u00f1a de excelente calidad.<\/div>\n<\/div>\n<\/div>\n<p><strong>Sobres de polipropileno transparente\u00a0100% reciclable<\/strong>, vanguardista a la vez que pr\u00e1ctico, ya que <strong>permite ver su contenido.<\/strong> Son de 35 x 100 mm y contienen 5 gramos de az\u00facar.<\/p>\n<p>Formato est\u00e1ndar estrecho, que facilita la colocaci\u00f3n en la taza, y el perfecto emboque en la misma.<\/p>\n<p>El dise\u00f1o impreso del sobre puede variar seg\u00fan stocks y necesidades, aunque se respetar\u00e1 el material transparente.<\/p>\n<p><a href=\"https:\/\/www.amazon.es\/individuales-Polipropileno-transparente-reciclable-expositora\/dp\/B09GYHMXLQ\/ref=sr_1_2?crid=1VWC7M5KFJVI8&amp;keywords=az%C3%BAcar+moreno+navarest&amp;qid=1700037983&amp;s=grocery&amp;sprefix=%2Cgrocery%2C82&amp;sr=1-2\" target=\"_blank\" rel=\"noopener\">Comprar en Amazon pinchando este enlace<\/a><\/p>\n<p><strong>Para personalizados y\u00a0materiales 100% COMPOSTABLES<\/strong> contacte con comercial@navarest.com<\/p>\n","protected":false},"excerpt":{"rendered":"<p>Caja de 500 sobres de 5 g de az\u00facar moreno integral 100% de ca\u00f1a de excelente calidad en polipropileno transparente de 35 x 100 mm.<\/p>\n","protected":false},"featured_media":2595,"template":"","meta":[],"product_brand":[],"product_cat":[53],"product_tag":[],"class_list":{"0":"post-1562","1":"product","2":"type-product","3":"status-publish","4":"has-post-thumbnail","6":"product_cat-azucar-moreno","8":"first","9":"instock","10":"product-type-external"},"etheme_brands":{"errors":{"invalid_taxonomy":["Taxonom\u00eda no v\u00e1lida."]},"error_data":[]},"yoast_head":"<!-- This site is optimized with the Yoast SEO plugin v27.4 - https:\/\/yoast.com\/product\/yoast-seo-wordpress\/ -->\n<title>Az\u00facar Moreno de Ca\u00f1a 500 Uds - Navarest<\/title>\n<meta name=\"robots\" content=\"index, follow, max-snippet:-1, max-image-preview:large, max-video-preview:-1\" \/>\n<link rel=\"canonical\" href=\"https:\/\/www.navarest.com\/es\/producto\/azucar-moreno-integral-500-uds-5g\/\" \/>\n<meta property=\"og:locale\" content=\"es_ES\" \/>\n<meta property=\"og:type\" content=\"article\" \/>\n<meta property=\"og:title\" content=\"Az\u00facar Moreno de Ca\u00f1a 500 Uds - Navarest\" \/>\n<meta property=\"og:description\" content=\"Caja de 500 sobres de 5 g de az\u00facar moreno integral 100% de ca\u00f1a de excelente calidad en polipropileno transparente de 35 x 100 mm.\" \/>\n<meta property=\"og:url\" content=\"https:\/\/www.navarest.com\/es\/producto\/azucar-moreno-integral-500-uds-5g\/\" \/>\n<meta property=\"og:site_name\" content=\"Navarest\" \/>\n<meta property=\"article:modified_time\" content=\"2025-12-30T07:17:39+00:00\" \/>\n<meta property=\"og:image\" content=\"https:\/\/www.navarest.com\/wp-content\/uploads\/2023\/05\/Azucar-moreno-2-sobres.jpg\" \/>\n\t<meta property=\"og:image:width\" content=\"960\" \/>\n\t<meta property=\"og:image:height\" content=\"960\" \/>\n\t<meta property=\"og:image:type\" content=\"image\/jpeg\" \/>\n<meta name=\"twitter:card\" content=\"summary_large_image\" \/>\n<meta name=\"twitter:label1\" content=\"Tiempo de lectura\" \/>\n\t<meta name=\"twitter:data1\" content=\"1 minuto\" \/>\n<script type=\"application\/ld+json\" class=\"yoast-schema-graph\">{\"@context\":\"https:\\\/\\\/schema.org\",\"@graph\":[{\"@type\":\"WebPage\",\"@id\":\"https:\\\/\\\/www.navarest.com\\\/es\\\/producto\\\/azucar-moreno-integral-500-uds-5g\\\/\",\"url\":\"https:\\\/\\\/www.navarest.com\\\/es\\\/producto\\\/azucar-moreno-integral-500-uds-5g\\\/\",\"name\":\"Az\u00facar Moreno de Ca\u00f1a 500 Uds - Navarest\",\"isPartOf\":{\"@id\":\"https:\\\/\\\/www.navarest.com\\\/es\\\/#website\"},\"primaryImageOfPage\":{\"@id\":\"https:\\\/\\\/www.navarest.com\\\/es\\\/producto\\\/azucar-moreno-integral-500-uds-5g\\\/#primaryimage\"},\"image\":{\"@id\":\"https:\\\/\\\/www.navarest.com\\\/es\\\/producto\\\/azucar-moreno-integral-500-uds-5g\\\/#primaryimage\"},\"thumbnailUrl\":\"https:\\\/\\\/www.navarest.com\\\/wp-content\\\/uploads\\\/2023\\\/05\\\/Azucar-moreno-2-sobres.jpg\",\"datePublished\":\"2023-05-01T12:20:27+00:00\",\"dateModified\":\"2025-12-30T07:17:39+00:00\",\"breadcrumb\":{\"@id\":\"https:\\\/\\\/www.navarest.com\\\/es\\\/producto\\\/azucar-moreno-integral-500-uds-5g\\\/#breadcrumb\"},\"inLanguage\":\"es\",\"potentialAction\":[{\"@type\":\"ReadAction\",\"target\":[\"https:\\\/\\\/www.navarest.com\\\/es\\\/producto\\\/azucar-moreno-integral-500-uds-5g\\\/\"]}]},{\"@type\":\"ImageObject\",\"inLanguage\":\"es\",\"@id\":\"https:\\\/\\\/www.navarest.com\\\/es\\\/producto\\\/azucar-moreno-integral-500-uds-5g\\\/#primaryimage\",\"url\":\"https:\\\/\\\/www.navarest.com\\\/wp-content\\\/uploads\\\/2023\\\/05\\\/Azucar-moreno-2-sobres.jpg\",\"contentUrl\":\"https:\\\/\\\/www.navarest.com\\\/wp-content\\\/uploads\\\/2023\\\/05\\\/Azucar-moreno-2-sobres.jpg\",\"width\":960,\"height\":960,\"caption\":\"Az\u00facar Moreno de ca\u00f1a\"},{\"@type\":\"BreadcrumbList\",\"@id\":\"https:\\\/\\\/www.navarest.com\\\/es\\\/producto\\\/azucar-moreno-integral-500-uds-5g\\\/#breadcrumb\",\"itemListElement\":[{\"@type\":\"ListItem\",\"position\":1,\"name\":\"Portada\",\"item\":\"https:\\\/\\\/www.navarest.com\\\/es\\\/\"},{\"@type\":\"ListItem\",\"position\":2,\"name\":\"Tienda\",\"item\":\"https:\\\/\\\/www.navarest.com\\\/es\\\/tienda\\\/\"},{\"@type\":\"ListItem\",\"position\":3,\"name\":\"Az\u00facar Moreno de Ca\u00f1a 500 Uds\"}]},{\"@type\":\"WebSite\",\"@id\":\"https:\\\/\\\/www.navarest.com\\\/es\\\/#website\",\"url\":\"https:\\\/\\\/www.navarest.com\\\/es\\\/\",\"name\":\"Navarest\",\"description\":\"Envasado de az\u00facar, edulcorante y otros productos para hosteler\u00eda\",\"publisher\":{\"@id\":\"https:\\\/\\\/www.navarest.com\\\/es\\\/#organization\"},\"potentialAction\":[{\"@type\":\"SearchAction\",\"target\":{\"@type\":\"EntryPoint\",\"urlTemplate\":\"https:\\\/\\\/www.navarest.com\\\/es\\\/?s={search_term_string}\"},\"query-input\":{\"@type\":\"PropertyValueSpecification\",\"valueRequired\":true,\"valueName\":\"search_term_string\"}}],\"inLanguage\":\"es\"},{\"@type\":\"Organization\",\"@id\":\"https:\\\/\\\/www.navarest.com\\\/es\\\/#organization\",\"name\":\"Navarest\",\"url\":\"https:\\\/\\\/www.navarest.com\\\/es\\\/\",\"logo\":{\"@type\":\"ImageObject\",\"inLanguage\":\"es\",\"@id\":\"https:\\\/\\\/www.navarest.com\\\/es\\\/#\\\/schema\\\/logo\\\/image\\\/\",\"url\":\"https:\\\/\\\/www.navarest.com\\\/wp-content\\\/uploads\\\/2023\\\/04\\\/Navarest-logo.png\",\"contentUrl\":\"https:\\\/\\\/www.navarest.com\\\/wp-content\\\/uploads\\\/2023\\\/04\\\/Navarest-logo.png\",\"width\":211,\"height\":210,\"caption\":\"Navarest\"},\"image\":{\"@id\":\"https:\\\/\\\/www.navarest.com\\\/es\\\/#\\\/schema\\\/logo\\\/image\\\/\"}}]}<\/script>\n<!-- \/ Yoast SEO plugin. -->","yoast_head_json":{"title":"Az\u00facar Moreno de Ca\u00f1a 500 Uds - Navarest","robots":{"index":"index","follow":"follow","max-snippet":"max-snippet:-1","max-image-preview":"max-image-preview:large","max-video-preview":"max-video-preview:-1"},"canonical":"https:\/\/www.navarest.com\/es\/producto\/azucar-moreno-integral-500-uds-5g\/","og_locale":"es_ES","og_type":"article","og_title":"Az\u00facar Moreno de Ca\u00f1a 500 Uds - Navarest","og_description":"Caja de 500 sobres de 5 g de az\u00facar moreno integral 100% de ca\u00f1a de excelente calidad en polipropileno transparente de 35 x 100 mm.","og_url":"https:\/\/www.navarest.com\/es\/producto\/azucar-moreno-integral-500-uds-5g\/","og_site_name":"Navarest","article_modified_time":"2025-12-30T07:17:39+00:00","og_image":[{"width":960,"height":960,"url":"https:\/\/www.navarest.com\/wp-content\/uploads\/2023\/05\/Azucar-moreno-2-sobres.jpg","type":"image\/jpeg"}],"twitter_card":"summary_large_image","twitter_misc":{"Tiempo de lectura":"1 minuto"},"schema":{"@context":"https:\/\/schema.org","@graph":[{"@type":"WebPage","@id":"https:\/\/www.navarest.com\/es\/producto\/azucar-moreno-integral-500-uds-5g\/","url":"https:\/\/www.navarest.com\/es\/producto\/azucar-moreno-integral-500-uds-5g\/","name":"Az\u00facar Moreno de Ca\u00f1a 500 Uds - Navarest","isPartOf":{"@id":"https:\/\/www.navarest.com\/es\/#website"},"primaryImageOfPage":{"@id":"https:\/\/www.navarest.com\/es\/producto\/azucar-moreno-integral-500-uds-5g\/#primaryimage"},"image":{"@id":"https:\/\/www.navarest.com\/es\/producto\/azucar-moreno-integral-500-uds-5g\/#primaryimage"},"thumbnailUrl":"https:\/\/www.navarest.com\/wp-content\/uploads\/2023\/05\/Azucar-moreno-2-sobres.jpg","datePublished":"2023-05-01T12:20:27+00:00","dateModified":"2025-12-30T07:17:39+00:00","breadcrumb":{"@id":"https:\/\/www.navarest.com\/es\/producto\/azucar-moreno-integral-500-uds-5g\/#breadcrumb"},"inLanguage":"es","potentialAction":[{"@type":"ReadAction","target":["https:\/\/www.navarest.com\/es\/producto\/azucar-moreno-integral-500-uds-5g\/"]}]},{"@type":"ImageObject","inLanguage":"es","@id":"https:\/\/www.navarest.com\/es\/producto\/azucar-moreno-integral-500-uds-5g\/#primaryimage","url":"https:\/\/www.navarest.com\/wp-content\/uploads\/2023\/05\/Azucar-moreno-2-sobres.jpg","contentUrl":"https:\/\/www.navarest.com\/wp-content\/uploads\/2023\/05\/Azucar-moreno-2-sobres.jpg","width":960,"height":960,"caption":"Az\u00facar Moreno de ca\u00f1a"},{"@type":"BreadcrumbList","@id":"https:\/\/www.navarest.com\/es\/producto\/azucar-moreno-integral-500-uds-5g\/#breadcrumb","itemListElement":[{"@type":"ListItem","position":1,"name":"Portada","item":"https:\/\/www.navarest.com\/es\/"},{"@type":"ListItem","position":2,"name":"Tienda","item":"https:\/\/www.navarest.com\/es\/tienda\/"},{"@type":"ListItem","position":3,"name":"Az\u00facar Moreno de Ca\u00f1a 500 Uds"}]},{"@type":"WebSite","@id":"https:\/\/www.navarest.com\/es\/#website","url":"https:\/\/www.navarest.com\/es\/","name":"Navarest","description":"Envasado de az\u00facar, edulcorante y otros productos para hosteler\u00eda","publisher":{"@id":"https:\/\/www.navarest.com\/es\/#organization"},"potentialAction":[{"@type":"SearchAction","target":{"@type":"EntryPoint","urlTemplate":"https:\/\/www.navarest.com\/es\/?s={search_term_string}"},"query-input":{"@type":"PropertyValueSpecification","valueRequired":true,"valueName":"search_term_string"}}],"inLanguage":"es"},{"@type":"Organization","@id":"https:\/\/www.navarest.com\/es\/#organization","name":"Navarest","url":"https:\/\/www.navarest.com\/es\/","logo":{"@type":"ImageObject","inLanguage":"es","@id":"https:\/\/www.navarest.com\/es\/#\/schema\/logo\/image\/","url":"https:\/\/www.navarest.com\/wp-content\/uploads\/2023\/04\/Navarest-logo.png","contentUrl":"https:\/\/www.navarest.com\/wp-content\/uploads\/2023\/04\/Navarest-logo.png","width":211,"height":210,"caption":"Navarest"},"image":{"@id":"https:\/\/www.navarest.com\/es\/#\/schema\/logo\/image\/"}}]}},"_links":{"self":[{"href":"https:\/\/www.navarest.com\/es\/wp-json\/wp\/v2\/product\/1562","targetHints":{"allow":["GET"]}}],"collection":[{"href":"https:\/\/www.navarest.com\/es\/wp-json\/wp\/v2\/product"}],"about":[{"href":"https:\/\/www.navarest.com\/es\/wp-json\/wp\/v2\/types\/product"}],"version-history":[{"count":9,"href":"https:\/\/www.navarest.com\/es\/wp-json\/wp\/v2\/product\/1562\/revisions"}],"predecessor-version":[{"id":2729,"href":"https:\/\/www.navarest.com\/es\/wp-json\/wp\/v2\/product\/1562\/revisions\/2729"}],"wp:featuredmedia":[{"embeddable":true,"href":"https:\/\/www.navarest.com\/es\/wp-json\/wp\/v2\/media\/2595"}],"wp:attachment":[{"href":"https:\/\/www.navarest.com\/es\/wp-json\/wp\/v2\/media?parent=1562"}],"wp:term":[{"taxonomy":"product_brand","embeddable":true,"href":"https:\/\/www.navarest.com\/es\/wp-json\/wp\/v2\/product_brand?post=1562"},{"taxonomy":"product_cat","embeddable":true,"href":"https:\/\/www.navarest.com\/es\/wp-json\/wp\/v2\/product_cat?post=1562"},{"taxonomy":"product_tag","embeddable":true,"href":"https:\/\/www.navarest.com\/es\/wp-json\/wp\/v2\/product_tag?post=1562"}],"curies":[{"name":"wp","href":"https:\/\/api.w.org\/{rel}","templated":true}]}}