{"id":1611,"date":"2023-05-01T14:43:37","date_gmt":"2023-05-01T12:43:37","guid":{"rendered":"https:\/\/www.navarest.com\/?post_type=product&#038;p=1611"},"modified":"2024-06-27T11:57:17","modified_gmt":"2024-06-27T09:57:17","slug":"edulcorante-en-sobres-apto-para-diabeticos-500-uds-de-07-g-formato-35-mm","status":"publish","type":"product","link":"https:\/\/www.navarest.com\/es\/producto\/edulcorante-en-sobres-apto-para-diabeticos-500-uds-de-07-g-formato-35-mm\/","title":{"rendered":"Edulcorante para diab\u00e9ticos"},"content":{"rendered":"<h2><strong>Edulcorante de mesa apto para diab\u00e9ticos<\/strong><\/h2>\n<p><strong>Pr\u00e1ctico envase expendedor.<\/strong><\/p>\n<p><strong>Sobres de polipropileno blanco <\/strong>de 35 x 50 mm que contienen 0,7 g de edulcorante.<\/p>\n<p>Composici\u00f3n: Isomalt, ciclamato y sacarina. Es la formulaci\u00f3n con mayor valor a\u00f1adido por sus propiedades, sabor similar al del az\u00facar.<\/p>\n<p><strong>Propiedades:<\/strong><\/p>\n<ul>\n<li>Alta solubilidad.<\/li>\n<li>Capacidad edulcorante: 0,7 g. de producto endulzan como 10 g. de az\u00facar.<\/li>\n<li>Textura\/Color: polvo blanco.<\/li>\n<li>Apto para diab\u00e9ticos.<\/li>\n<li>Sabor: ampliamente aceptada por su similitud al az\u00facar.<\/li>\n<\/ul>\n<p>*Para cajas de 200 Uds. consulte disponibilidad a: comercial@navarest.com<\/p>\n<p>*Para personalizados consulte a:\u00a0comercial@navarest.com<small><\/small><\/p>\n","protected":false},"excerpt":{"rendered":"<p>Caja expendedora de 500 sobres de 0,7 gramos de edulcorante apto para diab\u00e9ticos en polipropileno 100% reciclable<\/p>\n","protected":false},"featured_media":2372,"template":"","meta":[],"product_brand":[],"product_cat":[57],"product_tag":[],"class_list":{"0":"post-1611","1":"product","2":"type-product","3":"status-publish","4":"has-post-thumbnail","6":"product_cat-edulcorante","8":"first","9":"instock","10":"taxable","11":"shipping-taxable","12":"purchasable","13":"product-type-simple"},"etheme_brands":{"errors":{"invalid_taxonomy":["Taxonom\u00eda no v\u00e1lida."]},"error_data":[]},"yoast_head":"<!-- This site is optimized with the Yoast SEO plugin v27.4 - https:\/\/yoast.com\/product\/yoast-seo-wordpress\/ -->\n<title>Edulcorante para diab\u00e9ticos - Navarest<\/title>\n<meta name=\"robots\" content=\"index, follow, max-snippet:-1, max-image-preview:large, max-video-preview:-1\" \/>\n<link rel=\"canonical\" href=\"https:\/\/www.navarest.com\/es\/producto\/edulcorante-en-sobres-apto-para-diabeticos-500-uds-de-07-g-formato-35-mm\/\" \/>\n<meta property=\"og:locale\" content=\"es_ES\" \/>\n<meta property=\"og:type\" content=\"article\" \/>\n<meta property=\"og:title\" content=\"Edulcorante para diab\u00e9ticos - Navarest\" \/>\n<meta property=\"og:description\" content=\"Caja expendedora de 500 sobres de 0,7 gramos de edulcorante apto para diab\u00e9ticos en polipropileno 100% reciclable\" \/>\n<meta property=\"og:url\" content=\"https:\/\/www.navarest.com\/es\/producto\/edulcorante-en-sobres-apto-para-diabeticos-500-uds-de-07-g-formato-35-mm\/\" \/>\n<meta property=\"og:site_name\" content=\"Navarest\" \/>\n<meta property=\"article:modified_time\" content=\"2024-06-27T09:57:17+00:00\" \/>\n<meta property=\"og:image\" content=\"https:\/\/www.navarest.com\/wp-content\/uploads\/2023\/05\/Sobre-edulcorante-verde.jpg\" \/>\n\t<meta property=\"og:image:width\" content=\"1419\" \/>\n\t<meta property=\"og:image:height\" content=\"1421\" \/>\n\t<meta property=\"og:image:type\" content=\"image\/jpeg\" \/>\n<meta name=\"twitter:card\" content=\"summary_large_image\" \/>\n<meta name=\"twitter:label1\" content=\"Tiempo de lectura\" \/>\n\t<meta name=\"twitter:data1\" content=\"1 minuto\" \/>\n<script type=\"application\/ld+json\" class=\"yoast-schema-graph\">{\"@context\":\"https:\\\/\\\/schema.org\",\"@graph\":[{\"@type\":\"WebPage\",\"@id\":\"https:\\\/\\\/www.navarest.com\\\/es\\\/producto\\\/edulcorante-en-sobres-apto-para-diabeticos-500-uds-de-07-g-formato-35-mm\\\/\",\"url\":\"https:\\\/\\\/www.navarest.com\\\/es\\\/producto\\\/edulcorante-en-sobres-apto-para-diabeticos-500-uds-de-07-g-formato-35-mm\\\/\",\"name\":\"Edulcorante para diab\u00e9ticos - Navarest\",\"isPartOf\":{\"@id\":\"https:\\\/\\\/www.navarest.com\\\/es\\\/#website\"},\"primaryImageOfPage\":{\"@id\":\"https:\\\/\\\/www.navarest.com\\\/es\\\/producto\\\/edulcorante-en-sobres-apto-para-diabeticos-500-uds-de-07-g-formato-35-mm\\\/#primaryimage\"},\"image\":{\"@id\":\"https:\\\/\\\/www.navarest.com\\\/es\\\/producto\\\/edulcorante-en-sobres-apto-para-diabeticos-500-uds-de-07-g-formato-35-mm\\\/#primaryimage\"},\"thumbnailUrl\":\"https:\\\/\\\/www.navarest.com\\\/wp-content\\\/uploads\\\/2023\\\/05\\\/Sobre-edulcorante-verde.jpg\",\"datePublished\":\"2023-05-01T12:43:37+00:00\",\"dateModified\":\"2024-06-27T09:57:17+00:00\",\"breadcrumb\":{\"@id\":\"https:\\\/\\\/www.navarest.com\\\/es\\\/producto\\\/edulcorante-en-sobres-apto-para-diabeticos-500-uds-de-07-g-formato-35-mm\\\/#breadcrumb\"},\"inLanguage\":\"es\",\"potentialAction\":[{\"@type\":\"ReadAction\",\"target\":[\"https:\\\/\\\/www.navarest.com\\\/es\\\/producto\\\/edulcorante-en-sobres-apto-para-diabeticos-500-uds-de-07-g-formato-35-mm\\\/\"]}]},{\"@type\":\"ImageObject\",\"inLanguage\":\"es\",\"@id\":\"https:\\\/\\\/www.navarest.com\\\/es\\\/producto\\\/edulcorante-en-sobres-apto-para-diabeticos-500-uds-de-07-g-formato-35-mm\\\/#primaryimage\",\"url\":\"https:\\\/\\\/www.navarest.com\\\/wp-content\\\/uploads\\\/2023\\\/05\\\/Sobre-edulcorante-verde.jpg\",\"contentUrl\":\"https:\\\/\\\/www.navarest.com\\\/wp-content\\\/uploads\\\/2023\\\/05\\\/Sobre-edulcorante-verde.jpg\",\"width\":1419,\"height\":1421,\"caption\":\"Sobres 0,8 gramos de edulcorante apto para diab\u00e9ticos en polipropileno 100% reciclable.\"},{\"@type\":\"BreadcrumbList\",\"@id\":\"https:\\\/\\\/www.navarest.com\\\/es\\\/producto\\\/edulcorante-en-sobres-apto-para-diabeticos-500-uds-de-07-g-formato-35-mm\\\/#breadcrumb\",\"itemListElement\":[{\"@type\":\"ListItem\",\"position\":1,\"name\":\"Portada\",\"item\":\"https:\\\/\\\/www.navarest.com\\\/es\\\/\"},{\"@type\":\"ListItem\",\"position\":2,\"name\":\"Tienda\",\"item\":\"https:\\\/\\\/www.navarest.com\\\/es\\\/tienda\\\/\"},{\"@type\":\"ListItem\",\"position\":3,\"name\":\"Edulcorante para diab\u00e9ticos\"}]},{\"@type\":\"WebSite\",\"@id\":\"https:\\\/\\\/www.navarest.com\\\/es\\\/#website\",\"url\":\"https:\\\/\\\/www.navarest.com\\\/es\\\/\",\"name\":\"Navarest\",\"description\":\"Envasado de az\u00facar, edulcorante y otros productos para hosteler\u00eda\",\"publisher\":{\"@id\":\"https:\\\/\\\/www.navarest.com\\\/es\\\/#organization\"},\"potentialAction\":[{\"@type\":\"SearchAction\",\"target\":{\"@type\":\"EntryPoint\",\"urlTemplate\":\"https:\\\/\\\/www.navarest.com\\\/es\\\/?s={search_term_string}\"},\"query-input\":{\"@type\":\"PropertyValueSpecification\",\"valueRequired\":true,\"valueName\":\"search_term_string\"}}],\"inLanguage\":\"es\"},{\"@type\":\"Organization\",\"@id\":\"https:\\\/\\\/www.navarest.com\\\/es\\\/#organization\",\"name\":\"Navarest\",\"url\":\"https:\\\/\\\/www.navarest.com\\\/es\\\/\",\"logo\":{\"@type\":\"ImageObject\",\"inLanguage\":\"es\",\"@id\":\"https:\\\/\\\/www.navarest.com\\\/es\\\/#\\\/schema\\\/logo\\\/image\\\/\",\"url\":\"https:\\\/\\\/www.navarest.com\\\/wp-content\\\/uploads\\\/2023\\\/04\\\/Navarest-logo.png\",\"contentUrl\":\"https:\\\/\\\/www.navarest.com\\\/wp-content\\\/uploads\\\/2023\\\/04\\\/Navarest-logo.png\",\"width\":211,\"height\":210,\"caption\":\"Navarest\"},\"image\":{\"@id\":\"https:\\\/\\\/www.navarest.com\\\/es\\\/#\\\/schema\\\/logo\\\/image\\\/\"}}]}<\/script>\n<!-- \/ Yoast SEO plugin. -->","yoast_head_json":{"title":"Edulcorante para diab\u00e9ticos - Navarest","robots":{"index":"index","follow":"follow","max-snippet":"max-snippet:-1","max-image-preview":"max-image-preview:large","max-video-preview":"max-video-preview:-1"},"canonical":"https:\/\/www.navarest.com\/es\/producto\/edulcorante-en-sobres-apto-para-diabeticos-500-uds-de-07-g-formato-35-mm\/","og_locale":"es_ES","og_type":"article","og_title":"Edulcorante para diab\u00e9ticos - Navarest","og_description":"Caja expendedora de 500 sobres de 0,7 gramos de edulcorante apto para diab\u00e9ticos en polipropileno 100% reciclable","og_url":"https:\/\/www.navarest.com\/es\/producto\/edulcorante-en-sobres-apto-para-diabeticos-500-uds-de-07-g-formato-35-mm\/","og_site_name":"Navarest","article_modified_time":"2024-06-27T09:57:17+00:00","og_image":[{"width":1419,"height":1421,"url":"https:\/\/www.navarest.com\/wp-content\/uploads\/2023\/05\/Sobre-edulcorante-verde.jpg","type":"image\/jpeg"}],"twitter_card":"summary_large_image","twitter_misc":{"Tiempo de lectura":"1 minuto"},"schema":{"@context":"https:\/\/schema.org","@graph":[{"@type":"WebPage","@id":"https:\/\/www.navarest.com\/es\/producto\/edulcorante-en-sobres-apto-para-diabeticos-500-uds-de-07-g-formato-35-mm\/","url":"https:\/\/www.navarest.com\/es\/producto\/edulcorante-en-sobres-apto-para-diabeticos-500-uds-de-07-g-formato-35-mm\/","name":"Edulcorante para diab\u00e9ticos - Navarest","isPartOf":{"@id":"https:\/\/www.navarest.com\/es\/#website"},"primaryImageOfPage":{"@id":"https:\/\/www.navarest.com\/es\/producto\/edulcorante-en-sobres-apto-para-diabeticos-500-uds-de-07-g-formato-35-mm\/#primaryimage"},"image":{"@id":"https:\/\/www.navarest.com\/es\/producto\/edulcorante-en-sobres-apto-para-diabeticos-500-uds-de-07-g-formato-35-mm\/#primaryimage"},"thumbnailUrl":"https:\/\/www.navarest.com\/wp-content\/uploads\/2023\/05\/Sobre-edulcorante-verde.jpg","datePublished":"2023-05-01T12:43:37+00:00","dateModified":"2024-06-27T09:57:17+00:00","breadcrumb":{"@id":"https:\/\/www.navarest.com\/es\/producto\/edulcorante-en-sobres-apto-para-diabeticos-500-uds-de-07-g-formato-35-mm\/#breadcrumb"},"inLanguage":"es","potentialAction":[{"@type":"ReadAction","target":["https:\/\/www.navarest.com\/es\/producto\/edulcorante-en-sobres-apto-para-diabeticos-500-uds-de-07-g-formato-35-mm\/"]}]},{"@type":"ImageObject","inLanguage":"es","@id":"https:\/\/www.navarest.com\/es\/producto\/edulcorante-en-sobres-apto-para-diabeticos-500-uds-de-07-g-formato-35-mm\/#primaryimage","url":"https:\/\/www.navarest.com\/wp-content\/uploads\/2023\/05\/Sobre-edulcorante-verde.jpg","contentUrl":"https:\/\/www.navarest.com\/wp-content\/uploads\/2023\/05\/Sobre-edulcorante-verde.jpg","width":1419,"height":1421,"caption":"Sobres 0,8 gramos de edulcorante apto para diab\u00e9ticos en polipropileno 100% reciclable."},{"@type":"BreadcrumbList","@id":"https:\/\/www.navarest.com\/es\/producto\/edulcorante-en-sobres-apto-para-diabeticos-500-uds-de-07-g-formato-35-mm\/#breadcrumb","itemListElement":[{"@type":"ListItem","position":1,"name":"Portada","item":"https:\/\/www.navarest.com\/es\/"},{"@type":"ListItem","position":2,"name":"Tienda","item":"https:\/\/www.navarest.com\/es\/tienda\/"},{"@type":"ListItem","position":3,"name":"Edulcorante para diab\u00e9ticos"}]},{"@type":"WebSite","@id":"https:\/\/www.navarest.com\/es\/#website","url":"https:\/\/www.navarest.com\/es\/","name":"Navarest","description":"Envasado de az\u00facar, edulcorante y otros productos para hosteler\u00eda","publisher":{"@id":"https:\/\/www.navarest.com\/es\/#organization"},"potentialAction":[{"@type":"SearchAction","target":{"@type":"EntryPoint","urlTemplate":"https:\/\/www.navarest.com\/es\/?s={search_term_string}"},"query-input":{"@type":"PropertyValueSpecification","valueRequired":true,"valueName":"search_term_string"}}],"inLanguage":"es"},{"@type":"Organization","@id":"https:\/\/www.navarest.com\/es\/#organization","name":"Navarest","url":"https:\/\/www.navarest.com\/es\/","logo":{"@type":"ImageObject","inLanguage":"es","@id":"https:\/\/www.navarest.com\/es\/#\/schema\/logo\/image\/","url":"https:\/\/www.navarest.com\/wp-content\/uploads\/2023\/04\/Navarest-logo.png","contentUrl":"https:\/\/www.navarest.com\/wp-content\/uploads\/2023\/04\/Navarest-logo.png","width":211,"height":210,"caption":"Navarest"},"image":{"@id":"https:\/\/www.navarest.com\/es\/#\/schema\/logo\/image\/"}}]}},"_links":{"self":[{"href":"https:\/\/www.navarest.com\/es\/wp-json\/wp\/v2\/product\/1611","targetHints":{"allow":["GET"]}}],"collection":[{"href":"https:\/\/www.navarest.com\/es\/wp-json\/wp\/v2\/product"}],"about":[{"href":"https:\/\/www.navarest.com\/es\/wp-json\/wp\/v2\/types\/product"}],"version-history":[{"count":10,"href":"https:\/\/www.navarest.com\/es\/wp-json\/wp\/v2\/product\/1611\/revisions"}],"predecessor-version":[{"id":2381,"href":"https:\/\/www.navarest.com\/es\/wp-json\/wp\/v2\/product\/1611\/revisions\/2381"}],"wp:featuredmedia":[{"embeddable":true,"href":"https:\/\/www.navarest.com\/es\/wp-json\/wp\/v2\/media\/2372"}],"wp:attachment":[{"href":"https:\/\/www.navarest.com\/es\/wp-json\/wp\/v2\/media?parent=1611"}],"wp:term":[{"taxonomy":"product_brand","embeddable":true,"href":"https:\/\/www.navarest.com\/es\/wp-json\/wp\/v2\/product_brand?post=1611"},{"taxonomy":"product_cat","embeddable":true,"href":"https:\/\/www.navarest.com\/es\/wp-json\/wp\/v2\/product_cat?post=1611"},{"taxonomy":"product_tag","embeddable":true,"href":"https:\/\/www.navarest.com\/es\/wp-json\/wp\/v2\/product_tag?post=1611"}],"curies":[{"name":"wp","href":"https:\/\/api.w.org\/{rel}","templated":true}]}}